{"id":1022,"date":"2025-09-15T16:18:13","date_gmt":"2025-09-15T16:18:13","guid":{"rendered":"https:\/\/despachotellezyasociados.com\/?page_id=1022"},"modified":"2025-09-15T16:18:13","modified_gmt":"2025-09-15T16:18:13","slug":"aviso-de-privacidad","status":"publish","type":"page","link":"https:\/\/despachotellezyasociados.com\/?page_id=1022","title":{"rendered":"Aviso de privacidad"},"content":{"rendered":"\n<p><strong>Aviso de Privacidad<\/strong><\/p>\n\n\n\n<p>En cumplimiento con la <em>Ley Federal de Protecci\u00f3n de Datos Personales en Posesi\u00f3n de los Particulares<\/em>, <strong>Despacho Jur\u00eddico T\u00e9llez &amp; Asociados<\/strong>, con domicilio en <em>58 Av. Allende Oriente, CP. 6300, Centro, Tepic, Nayarit<\/em>, hace de su conocimiento que los datos personales que usted nos proporcione ser\u00e1n tratados de manera confidencial y utilizados \u00fanicamente para los siguientes fines:<\/p>\n\n\n\n<ul class=\"wp-block-list\">\n<li>Brindar asesor\u00eda y representaci\u00f3n legal.<\/li>\n\n\n\n<li>Dar seguimiento a solicitudes de informaci\u00f3n, citas y servicios.<\/li>\n\n\n\n<li>Cumplir con obligaciones legales derivadas de la relaci\u00f3n jur\u00eddica establecida.<\/li>\n\n\n\n<li>Fines administrativos y de contacto.<\/li>\n<\/ul>\n\n\n\n<p><strong>Datos personales que recabamos<\/strong><br>Podemos recopilar datos de identificaci\u00f3n (nombre, tel\u00e9fono, correo electr\u00f3nico, domicilio), as\u00ed como informaci\u00f3n necesaria para la prestaci\u00f3n de los servicios jur\u00eddicos que nos solicite.<\/p>\n\n\n\n<p><strong>Transferencia de datos<\/strong><br>Sus datos no ser\u00e1n compartidos con terceros sin su consentimiento, salvo en los casos previstos por la ley.<\/p>\n\n\n\n<p><strong>Derechos ARCO<\/strong><br>Usted tiene derecho a acceder, rectificar, cancelar u oponerse al uso de sus datos personales (Derechos ARCO). Para ejercer estos derechos, puede enviar una solicitud al correo electr\u00f3nico: <em><a>juridicoempresarialtya@gmail.com<\/a><\/em><\/p>\n\n\n\n<p><strong>Cambios al Aviso de Privacidad<\/strong><br>Este Aviso de Privacidad puede ser modificado en cualquier momento para cumplir con actualizaciones legales o pol\u00edticas internas. Las modificaciones estar\u00e1n disponibles en este mismo sitio web.<\/p>\n\n\n\n<p><\/p>\n\n\n\n<p><\/p>\n\n\n\n<p style=\"font-size:14px\">Fecha de \u00faltima actualizaci\u00f3n: <em>15 de septiembre de 2025<\/em><\/p>\n\n\n\n<p><\/p>\n","protected":false},"excerpt":{"rendered":"<p>Aviso de Privacidad En cumplimiento con la Ley Federal de Protecci\u00f3n de Datos Personales en Posesi\u00f3n de los Particulares, Despacho Jur\u00eddico T\u00e9llez &amp; Asociados, con domicilio en 58 Av. Allende Oriente, CP. 6300, Centro, Tepic, Nayarit, hace de su conocimiento que los datos personales que usted nos proporcione ser\u00e1n tratados de manera confidencial y utilizados [&hellip;]<\/p>\n","protected":false},"author":1,"featured_media":0,"parent":0,"menu_order":0,"comment_status":"closed","ping_status":"closed","template":"","meta":{"footnotes":""},"class_list":["post-1022","page","type-page","status-publish","hentry"],"blocksy_meta":[],"_links":{"self":[{"href":"https:\/\/despachotellezyasociados.com\/index.php?rest_route=\/wp\/v2\/pages\/1022","targetHints":{"allow":["GET"]}}],"collection":[{"href":"https:\/\/despachotellezyasociados.com\/index.php?rest_route=\/wp\/v2\/pages"}],"about":[{"href":"https:\/\/despachotellezyasociados.com\/index.php?rest_route=\/wp\/v2\/types\/page"}],"author":[{"embeddable":true,"href":"https:\/\/despachotellezyasociados.com\/index.php?rest_route=\/wp\/v2\/users\/1"}],"replies":[{"embeddable":true,"href":"https:\/\/despachotellezyasociados.com\/index.php?rest_route=%2Fwp%2Fv2%2Fcomments&post=1022"}],"version-history":[{"count":1,"href":"https:\/\/despachotellezyasociados.com\/index.php?rest_route=\/wp\/v2\/pages\/1022\/revisions"}],"predecessor-version":[{"id":1023,"href":"https:\/\/despachotellezyasociados.com\/index.php?rest_route=\/wp\/v2\/pages\/1022\/revisions\/1023"}],"wp:attachment":[{"href":"https:\/\/despachotellezyasociados.com\/index.php?rest_route=%2Fwp%2Fv2%2Fmedia&parent=1022"}],"curies":[{"name":"wp","href":"https:\/\/api.w.org\/{rel}","templated":true}]}}